{"id":3782,"date":"2022-05-20T11:07:38","date_gmt":"2022-05-20T09:07:38","guid":{"rendered":"https:\/\/africagreentec.com.dev.kalayourlife.com\/mentions-legales\/"},"modified":"2023-06-20T09:48:47","modified_gmt":"2023-06-20T07:48:47","slug":"mentions-legales","status":"publish","type":"page","link":"https:\/\/africagreentec-foundation.com.dev.kalayourlife.com\/fr\/mentions-legales\/","title":{"rendered":"Mentions l\u00e9gales"},"content":{"rendered":"\t\t<div data-elementor-type=\"wp-page\" data-elementor-id=\"3782\" class=\"elementor elementor-3782 elementor-21\" data-elementor-post-type=\"page\">\n\t\t\t\t\t\t\t\t\t<section class=\"elementor-section elementor-top-section elementor-element elementor-element-da50335 elementor-section-boxed elementor-section-height-default elementor-section-height-default\" data-id=\"da50335\" data-element_type=\"section\">\n\t\t\t\t\t\t<div class=\"elementor-container elementor-column-gap-default\">\n\t\t\t\t\t<div class=\"elementor-column elementor-col-100 elementor-top-column elementor-element elementor-element-60b90a4\" data-id=\"60b90a4\" data-element_type=\"column\">\n\t\t\t<div class=\"elementor-widget-wrap elementor-element-populated\">\n\t\t\t\t\t\t\t\t<div class=\"elementor-element elementor-element-044fc99 elementor-widget elementor-widget-kyl_breadcrumb\" data-id=\"044fc99\" data-element_type=\"widget\" data-widget_type=\"kyl_breadcrumb.default\">\n\t\t\t\t<div class=\"elementor-widget-container\">\n\t\t\t\n        <div class=\"kyl_breadcrumb\">\n            <div class=\"wrapper\">\n                <a class=\"home\" href=\"\/\">Home<\/a>\n\n\t\t\t\t            <span class=\"delimiter\"><\/span>\n\t\t\t                <span>Mentions l\u00e9gales<\/span>\n\t\t\t            <\/div>\n        <\/div>\n\t\t\t\t<\/div>\n\t\t\t\t<\/div>\n\t\t\t\t<div class=\"elementor-element elementor-element-c13dccd elementor-widget elementor-widget-spacer\" data-id=\"c13dccd\" data-element_type=\"widget\" data-widget_type=\"spacer.default\">\n\t\t\t\t<div class=\"elementor-widget-container\">\n\t\t\t<style>\/*! elementor - v3.16.0 - 17-10-2023 *\/\n.elementor-column .elementor-spacer-inner{height:var(--spacer-size)}.e-con{--container-widget-width:100%}.e-con-inner>.elementor-widget-spacer,.e-con>.elementor-widget-spacer{width:var(--container-widget-width,var(--spacer-size));--align-self:var(--container-widget-align-self,initial);--flex-shrink:0}.e-con-inner>.elementor-widget-spacer>.elementor-widget-container,.e-con>.elementor-widget-spacer>.elementor-widget-container{height:100%;width:100%}.e-con-inner>.elementor-widget-spacer>.elementor-widget-container>.elementor-spacer,.e-con>.elementor-widget-spacer>.elementor-widget-container>.elementor-spacer{height:100%}.e-con-inner>.elementor-widget-spacer>.elementor-widget-container>.elementor-spacer>.elementor-spacer-inner,.e-con>.elementor-widget-spacer>.elementor-widget-container>.elementor-spacer>.elementor-spacer-inner{height:var(--container-widget-height,var(--spacer-size))}.e-con-inner>.elementor-widget-spacer.elementor-widget-empty,.e-con>.elementor-widget-spacer.elementor-widget-empty{position:relative;min-height:22px;min-width:22px}.e-con-inner>.elementor-widget-spacer.elementor-widget-empty .elementor-widget-empty-icon,.e-con>.elementor-widget-spacer.elementor-widget-empty .elementor-widget-empty-icon{position:absolute;top:0;bottom:0;left:0;right:0;margin:auto;padding:0;width:22px;height:22px}<\/style>\t\t<div class=\"elementor-spacer\">\n\t\t\t<div class=\"elementor-spacer-inner\"><\/div>\n\t\t<\/div>\n\t\t\t\t<\/div>\n\t\t\t\t<\/div>\n\t\t\t\t<div class=\"elementor-element elementor-element-5a6cf80 elementor-widget elementor-widget-kyl_headline\" data-id=\"5a6cf80\" data-element_type=\"widget\" data-widget_type=\"kyl_headline.default\">\n\t\t\t\t<div class=\"elementor-widget-container\">\n\t\t\t\n        <div class=\"kyl_headline\">\n            <div class=\"container\">\n\n                <h1 class=\"headline\">\n                    Mentions l\u00e9gales                <\/h1>\n\n            <\/div>\n        <\/div>\n\n\t\t\t\t<\/div>\n\t\t\t\t<\/div>\n\t\t\t\t<div class=\"elementor-element elementor-element-53e04e1 elementor-widget elementor-widget-spacer\" data-id=\"53e04e1\" data-element_type=\"widget\" data-widget_type=\"spacer.default\">\n\t\t\t\t<div class=\"elementor-widget-container\">\n\t\t\t\t\t<div class=\"elementor-spacer\">\n\t\t\t<div class=\"elementor-spacer-inner\"><\/div>\n\t\t<\/div>\n\t\t\t\t<\/div>\n\t\t\t\t<\/div>\n\t\t\t\t<div class=\"elementor-element elementor-element-a7307ec elementor-widget elementor-widget-kyl_text\" data-id=\"a7307ec\" data-element_type=\"widget\" data-widget_type=\"kyl_text.default\">\n\t\t\t\t<div class=\"elementor-widget-container\">\n\t\t\t\n        <div class=\"kyl_text is-left\">\n            <div class=\"container\">\n\t\t\t\t                <h3 class=\"headline\">\n\t\t\t\tInformations sur l\u2019entreprise            <\/h3>\n\t\t\t\n\t\t\t                <div class=\"text\">\n\t\t\t\t\t<p>Africa GreenTec AG<br \/>Au\u00dfenliegend 19<br \/>63512 Hainburg<br \/>Germany\/Allemagne<\/p><p>Tel.: +49 6182 843 8717<br \/>Fax: +49 6182 843 6237<\/p><p>E-Mail:<br \/><a href=\"mailto:info@africagreentec.com\">info@africagreentec.com<\/a><\/p><p>Africa GreenTec AG,\u00a0Si\u00e8ge \u00e0 Hainburg<br \/>Registre du tribunal d\u2019Offenbach am Main HRB 49964<\/p>                <\/div>\n\t\t\t\n\t\t\t        <\/div>\n        <\/div>\n\t\t\t\t<\/div>\n\t\t\t\t<\/div>\n\t\t\t\t<div class=\"elementor-element elementor-element-e0249ca elementor-widget elementor-widget-spacer\" data-id=\"e0249ca\" data-element_type=\"widget\" data-widget_type=\"spacer.default\">\n\t\t\t\t<div class=\"elementor-widget-container\">\n\t\t\t\t\t<div class=\"elementor-spacer\">\n\t\t\t<div class=\"elementor-spacer-inner\"><\/div>\n\t\t<\/div>\n\t\t\t\t<\/div>\n\t\t\t\t<\/div>\n\t\t\t\t<div class=\"elementor-element elementor-element-8d4ab84 elementor-widget elementor-widget-kyl_text\" data-id=\"8d4ab84\" data-element_type=\"widget\" data-widget_type=\"kyl_text.default\">\n\t\t\t\t<div class=\"elementor-widget-container\">\n\t\t\t\n        <div class=\"kyl_text is-left\">\n            <div class=\"container\">\n\t\t\t\t                <h3 class=\"headline\">\n\t\t\t\tConseil d\u2019administration            <\/h3>\n\t\t\t\n\t\t\t                <div class=\"text\">\n\t\t\t\t\t<p>Torsten Schreiber (Pr\u00e9sident)<br \/>Prof. Dr. Wolfgang Rams<\/p>                <\/div>\n\t\t\t\n\t\t\t        <\/div>\n        <\/div>\n\t\t\t\t<\/div>\n\t\t\t\t<\/div>\n\t\t\t\t<div class=\"elementor-element elementor-element-57ba389 elementor-widget elementor-widget-spacer\" data-id=\"57ba389\" data-element_type=\"widget\" data-widget_type=\"spacer.default\">\n\t\t\t\t<div class=\"elementor-widget-container\">\n\t\t\t\t\t<div class=\"elementor-spacer\">\n\t\t\t<div class=\"elementor-spacer-inner\"><\/div>\n\t\t<\/div>\n\t\t\t\t<\/div>\n\t\t\t\t<\/div>\n\t\t\t\t<div class=\"elementor-element elementor-element-87a16d6 elementor-widget elementor-widget-kyl_text\" data-id=\"87a16d6\" data-element_type=\"widget\" data-widget_type=\"kyl_text.default\">\n\t\t\t\t<div class=\"elementor-widget-container\">\n\t\t\t\n        <div class=\"kyl_text is-left\">\n            <div class=\"container\">\n\t\t\t\t                <h3 class=\"headline\">\n\t\t\t\tConseil de surveillance            <\/h3>\n\t\t\t\n\t\t\t                <div class=\"text\">\n\t\t\t\t\t<p>Robbert Van der Feltz (Pr\u00e9sident)<br \/>Patrick Knodel<br \/>Prof. Dr. Eicke Weber<\/p>                <\/div>\n\t\t\t\n\t\t\t        <\/div>\n        <\/div>\n\t\t\t\t<\/div>\n\t\t\t\t<\/div>\n\t\t\t\t<div class=\"elementor-element elementor-element-74bc027 elementor-widget elementor-widget-spacer\" data-id=\"74bc027\" data-element_type=\"widget\" data-widget_type=\"spacer.default\">\n\t\t\t\t<div class=\"elementor-widget-container\">\n\t\t\t\t\t<div class=\"elementor-spacer\">\n\t\t\t<div class=\"elementor-spacer-inner\"><\/div>\n\t\t<\/div>\n\t\t\t\t<\/div>\n\t\t\t\t<\/div>\n\t\t\t\t<div class=\"elementor-element elementor-element-32390bb elementor-widget elementor-widget-kyl_text\" data-id=\"32390bb\" data-element_type=\"widget\" data-widget_type=\"kyl_text.default\">\n\t\t\t\t<div class=\"elementor-widget-container\">\n\t\t\t\n        <div class=\"kyl_text is-left\">\n            <div class=\"container\">\n\t\t\t\t                <h3 class=\"headline\">\n\t\t\t\tDroits \u00e0 l\u2019image            <\/h3>\n\t\t\t\n\t\t\t                <div class=\"text\">\n\t\t\t\t\t<p>\u00a9 Africa GreenTec \u2013 avec le soutien de Patrick Reimers.<\/p>                <\/div>\n\t\t\t\n\t\t\t        <\/div>\n        <\/div>\n\t\t\t\t<\/div>\n\t\t\t\t<\/div>\n\t\t\t\t\t<\/div>\n\t\t<\/div>\n\t\t\t\t\t\t\t<\/div>\n\t\t<\/section>\n\t\t\t\t\t\t\t<\/div>\n\t\t","protected":false},"excerpt":{"rendered":"<p>Home Mentions l\u00e9gales Mentions l\u00e9gales Informations sur l\u2019entreprise Africa GreenTec AGAu\u00dfenliegend 1963512 HainburgGermany\/Allemagne Tel.: +49 6182 843 8717Fax: +49 6182 843 6237 E-Mail:info@africagreentec.com Africa GreenTec AG,\u00a0Si\u00e8ge \u00e0 HainburgRegistre du tribunal d\u2019Offenbach am Main HRB 49964 Conseil d\u2019administration Torsten Schreiber (Pr\u00e9sident)Prof. Dr. Wolfgang Rams Conseil de surveillance Robbert Van der Feltz (Pr\u00e9sident)Patrick KnodelProf. Dr. Eicke Weber [&hellip;]<\/p>\n","protected":false},"author":2,"featured_media":0,"parent":0,"menu_order":0,"comment_status":"closed","ping_status":"closed","template":"","meta":{"footnotes":""},"acf":[],"yoast_head":"<!-- This site is optimized with the Yoast SEO plugin v21.4 - https:\/\/yoast.com\/wordpress\/plugins\/seo\/ -->\n<title>Mentions l\u00e9gales - Africa GreenTec AG<\/title>\n<meta name=\"robots\" content=\"noindex, follow, max-snippet:-1, max-image-preview:large, max-video-preview:-1\" \/>\n<meta property=\"og:locale\" content=\"fr_FR\" \/>\n<meta property=\"og:type\" content=\"article\" \/>\n<meta property=\"og:title\" content=\"Mentions l\u00e9gales - Africa GreenTec AG\" \/>\n<meta property=\"og:description\" content=\"Home Mentions l\u00e9gales Mentions l\u00e9gales Informations sur l\u2019entreprise Africa GreenTec AGAu\u00dfenliegend 1963512 HainburgGermany\/Allemagne Tel.: +49 6182 843 8717Fax: +49 6182 843 6237 E-Mail:info@africagreentec.com Africa GreenTec AG,\u00a0Si\u00e8ge \u00e0 HainburgRegistre du tribunal d\u2019Offenbach am Main HRB 49964 Conseil d\u2019administration Torsten Schreiber (Pr\u00e9sident)Prof. Dr. Wolfgang Rams Conseil de surveillance Robbert Van der Feltz (Pr\u00e9sident)Patrick KnodelProf. Dr. Eicke Weber [&hellip;]\" \/>\n<meta property=\"og:url\" content=\"https:\/\/africagreentec-foundation.com.dev.kalayourlife.com\/fr\/mentions-legales\/\" \/>\n<meta property=\"og:site_name\" content=\"Africa GreenTec AG\" \/>\n<meta property=\"article:publisher\" content=\"https:\/\/de-de.facebook.com\/AfricaGreenTec\/\" \/>\n<meta property=\"article:modified_time\" content=\"2023-06-20T07:48:47+00:00\" \/>\n<meta name=\"twitter:card\" content=\"summary_large_image\" \/>\n<meta name=\"twitter:site\" content=\"@AfricaGreenTec\" \/>\n<meta name=\"twitter:label1\" content=\"Dur\u00e9e de lecture estim\u00e9e\" \/>\n\t<meta name=\"twitter:data1\" content=\"1 minute\" \/>\n<script type=\"application\/ld+json\" class=\"yoast-schema-graph\">{\"@context\":\"https:\/\/schema.org\",\"@graph\":[{\"@type\":\"WebPage\",\"@id\":\"https:\/\/africagreentec-foundation.com.dev.kalayourlife.com\/fr\/mentions-legales\/\",\"url\":\"https:\/\/africagreentec-foundation.com.dev.kalayourlife.com\/fr\/mentions-legales\/\",\"name\":\"Mentions l\u00e9gales - Africa GreenTec AG\",\"isPartOf\":{\"@id\":\"https:\/\/africagreentec-foundation.com.dev.kalayourlife.com\/fr\/#website\"},\"datePublished\":\"2022-05-20T09:07:38+00:00\",\"dateModified\":\"2023-06-20T07:48:47+00:00\",\"breadcrumb\":{\"@id\":\"https:\/\/africagreentec-foundation.com.dev.kalayourlife.com\/fr\/mentions-legales\/#breadcrumb\"},\"inLanguage\":\"fr-FR\",\"potentialAction\":[{\"@type\":\"ReadAction\",\"target\":[\"https:\/\/africagreentec-foundation.com.dev.kalayourlife.com\/fr\/mentions-legales\/\"]}]},{\"@type\":\"BreadcrumbList\",\"@id\":\"https:\/\/africagreentec-foundation.com.dev.kalayourlife.com\/fr\/mentions-legales\/#breadcrumb\",\"itemListElement\":[{\"@type\":\"ListItem\",\"position\":1,\"name\":\"Startseite\",\"item\":\"https:\/\/africagreentec-foundation.com.dev.kalayourlife.com\/fr\/\"},{\"@type\":\"ListItem\",\"position\":2,\"name\":\"Mentions l\u00e9gales\"}]},{\"@type\":\"WebSite\",\"@id\":\"https:\/\/africagreentec-foundation.com.dev.kalayourlife.com\/fr\/#website\",\"url\":\"https:\/\/africagreentec-foundation.com.dev.kalayourlife.com\/fr\/\",\"name\":\"Africa GreenTec AG\",\"description\":\"\",\"publisher\":{\"@id\":\"https:\/\/africagreentec-foundation.com.dev.kalayourlife.com\/fr\/#organization\"},\"potentialAction\":[{\"@type\":\"SearchAction\",\"target\":{\"@type\":\"EntryPoint\",\"urlTemplate\":\"https:\/\/africagreentec-foundation.com.dev.kalayourlife.com\/fr\/?s={search_term_string}\"},\"query-input\":\"required name=search_term_string\"}],\"inLanguage\":\"fr-FR\"},{\"@type\":\"Organization\",\"@id\":\"https:\/\/africagreentec-foundation.com.dev.kalayourlife.com\/fr\/#organization\",\"name\":\"Africa GreenTec AG\",\"url\":\"https:\/\/africagreentec-foundation.com.dev.kalayourlife.com\/fr\/\",\"logo\":{\"@type\":\"ImageObject\",\"inLanguage\":\"fr-FR\",\"@id\":\"https:\/\/africagreentec-foundation.com.dev.kalayourlife.com\/fr\/#\/schema\/logo\/image\/\",\"url\":\"https:\/\/africagreentec.com.dev.kalayourlife.com\/wp-content\/uploads\/2023\/01\/AGT_Logo_BC-22-07-22.svg\",\"contentUrl\":\"https:\/\/africagreentec.com.dev.kalayourlife.com\/wp-content\/uploads\/2023\/01\/AGT_Logo_BC-22-07-22.svg\",\"width\":580,\"height\":249,\"caption\":\"Africa GreenTec AG\"},\"image\":{\"@id\":\"https:\/\/africagreentec-foundation.com.dev.kalayourlife.com\/fr\/#\/schema\/logo\/image\/\"},\"sameAs\":[\"https:\/\/de-de.facebook.com\/AfricaGreenTec\/\",\"https:\/\/twitter.com\/AfricaGreenTec\",\"https:\/\/de.linkedin.com\/company\/africa-greentec\",\"https:\/\/www.instagram.com\/africa_greentec\/\"]}]}<\/script>\n<!-- \/ Yoast SEO plugin. -->","yoast_head_json":{"title":"Mentions l\u00e9gales - Africa GreenTec AG","robots":{"index":"noindex","follow":"follow","max-snippet":"max-snippet:-1","max-image-preview":"max-image-preview:large","max-video-preview":"max-video-preview:-1"},"og_locale":"fr_FR","og_type":"article","og_title":"Mentions l\u00e9gales - Africa GreenTec AG","og_description":"Home Mentions l\u00e9gales Mentions l\u00e9gales Informations sur l\u2019entreprise Africa GreenTec AGAu\u00dfenliegend 1963512 HainburgGermany\/Allemagne Tel.: +49 6182 843 8717Fax: +49 6182 843 6237 E-Mail:info@africagreentec.com Africa GreenTec AG,\u00a0Si\u00e8ge \u00e0 HainburgRegistre du tribunal d\u2019Offenbach am Main HRB 49964 Conseil d\u2019administration Torsten Schreiber (Pr\u00e9sident)Prof. Dr. Wolfgang Rams Conseil de surveillance Robbert Van der Feltz (Pr\u00e9sident)Patrick KnodelProf. Dr. Eicke Weber [&hellip;]","og_url":"https:\/\/africagreentec-foundation.com.dev.kalayourlife.com\/fr\/mentions-legales\/","og_site_name":"Africa GreenTec AG","article_publisher":"https:\/\/de-de.facebook.com\/AfricaGreenTec\/","article_modified_time":"2023-06-20T07:48:47+00:00","twitter_card":"summary_large_image","twitter_site":"@AfricaGreenTec","twitter_misc":{"Dur\u00e9e de lecture estim\u00e9e":"1 minute"},"schema":{"@context":"https:\/\/schema.org","@graph":[{"@type":"WebPage","@id":"https:\/\/africagreentec-foundation.com.dev.kalayourlife.com\/fr\/mentions-legales\/","url":"https:\/\/africagreentec-foundation.com.dev.kalayourlife.com\/fr\/mentions-legales\/","name":"Mentions l\u00e9gales - Africa GreenTec AG","isPartOf":{"@id":"https:\/\/africagreentec-foundation.com.dev.kalayourlife.com\/fr\/#website"},"datePublished":"2022-05-20T09:07:38+00:00","dateModified":"2023-06-20T07:48:47+00:00","breadcrumb":{"@id":"https:\/\/africagreentec-foundation.com.dev.kalayourlife.com\/fr\/mentions-legales\/#breadcrumb"},"inLanguage":"fr-FR","potentialAction":[{"@type":"ReadAction","target":["https:\/\/africagreentec-foundation.com.dev.kalayourlife.com\/fr\/mentions-legales\/"]}]},{"@type":"BreadcrumbList","@id":"https:\/\/africagreentec-foundation.com.dev.kalayourlife.com\/fr\/mentions-legales\/#breadcrumb","itemListElement":[{"@type":"ListItem","position":1,"name":"Startseite","item":"https:\/\/africagreentec-foundation.com.dev.kalayourlife.com\/fr\/"},{"@type":"ListItem","position":2,"name":"Mentions l\u00e9gales"}]},{"@type":"WebSite","@id":"https:\/\/africagreentec-foundation.com.dev.kalayourlife.com\/fr\/#website","url":"https:\/\/africagreentec-foundation.com.dev.kalayourlife.com\/fr\/","name":"Africa GreenTec AG","description":"","publisher":{"@id":"https:\/\/africagreentec-foundation.com.dev.kalayourlife.com\/fr\/#organization"},"potentialAction":[{"@type":"SearchAction","target":{"@type":"EntryPoint","urlTemplate":"https:\/\/africagreentec-foundation.com.dev.kalayourlife.com\/fr\/?s={search_term_string}"},"query-input":"required name=search_term_string"}],"inLanguage":"fr-FR"},{"@type":"Organization","@id":"https:\/\/africagreentec-foundation.com.dev.kalayourlife.com\/fr\/#organization","name":"Africa GreenTec AG","url":"https:\/\/africagreentec-foundation.com.dev.kalayourlife.com\/fr\/","logo":{"@type":"ImageObject","inLanguage":"fr-FR","@id":"https:\/\/africagreentec-foundation.com.dev.kalayourlife.com\/fr\/#\/schema\/logo\/image\/","url":"https:\/\/africagreentec.com.dev.kalayourlife.com\/wp-content\/uploads\/2023\/01\/AGT_Logo_BC-22-07-22.svg","contentUrl":"https:\/\/africagreentec.com.dev.kalayourlife.com\/wp-content\/uploads\/2023\/01\/AGT_Logo_BC-22-07-22.svg","width":580,"height":249,"caption":"Africa GreenTec AG"},"image":{"@id":"https:\/\/africagreentec-foundation.com.dev.kalayourlife.com\/fr\/#\/schema\/logo\/image\/"},"sameAs":["https:\/\/de-de.facebook.com\/AfricaGreenTec\/","https:\/\/twitter.com\/AfricaGreenTec","https:\/\/de.linkedin.com\/company\/africa-greentec","https:\/\/www.instagram.com\/africa_greentec\/"]}]}},"_links":{"self":[{"href":"https:\/\/africagreentec-foundation.com.dev.kalayourlife.com\/fr\/wp-json\/wp\/v2\/pages\/3782"}],"collection":[{"href":"https:\/\/africagreentec-foundation.com.dev.kalayourlife.com\/fr\/wp-json\/wp\/v2\/pages"}],"about":[{"href":"https:\/\/africagreentec-foundation.com.dev.kalayourlife.com\/fr\/wp-json\/wp\/v2\/types\/page"}],"author":[{"embeddable":true,"href":"https:\/\/africagreentec-foundation.com.dev.kalayourlife.com\/fr\/wp-json\/wp\/v2\/users\/2"}],"replies":[{"embeddable":true,"href":"https:\/\/africagreentec-foundation.com.dev.kalayourlife.com\/fr\/wp-json\/wp\/v2\/comments?post=3782"}],"version-history":[{"count":10,"href":"https:\/\/africagreentec-foundation.com.dev.kalayourlife.com\/fr\/wp-json\/wp\/v2\/pages\/3782\/revisions"}],"predecessor-version":[{"id":6163,"href":"https:\/\/africagreentec-foundation.com.dev.kalayourlife.com\/fr\/wp-json\/wp\/v2\/pages\/3782\/revisions\/6163"}],"wp:attachment":[{"href":"https:\/\/africagreentec-foundation.com.dev.kalayourlife.com\/fr\/wp-json\/wp\/v2\/media?parent=3782"}],"curies":[{"name":"wp","href":"https:\/\/api.w.org\/{rel}","templated":true}]}}